{"id":5,"date":"2014-04-07T17:55:06","date_gmt":"2014-04-07T17:55:06","guid":{"rendered":"http:\/\/semdestino-viagens.pt\/?page_id=5"},"modified":"2014-05-27T14:09:10","modified_gmt":"2014-05-27T14:09:10","slug":"sobre-nos","status":"publish","type":"page","link":"https:\/\/semdestino-viagens.pt\/?page_id=5&lang=pt","title":{"rendered":"Sobre N\u00f3s"},"content":{"rendered":"<div style=\"background-repeat: no-repeat;background-size: 100% 100%;\r\n\"><p style=\"text-align: justify;\">Semdestino \u00e9 uma empresa de anima\u00e7\u00e3o turistica, fundada em 2014. Exercemos a nossa actividade dentro do pa\u00eds, sempre com a m\u00e1xima seguran\u00e7a e efici\u00eancia. Os nossos pre\u00e7os s\u00e3o variados, pelo que acess\u00edveis a todos.<\/p>\n<p style=\"text-align: justify;\">Desde o in\u00edcio da nossa actividade, que a qualidade do atendimento e do servi\u00e7o s\u00e3o o nosso estandarte e a raz\u00e3o pela qual os nossos clientes confiam em n\u00f3s.<\/p>\n<p style=\"text-align: justify;\">Por conseguinte, a nossa frota de ve\u00edculos \u00e9 renovada e vistoriada regularmente. Tamb\u00e9m nos orgulhamos do profissionalismo dos nossos funcion\u00e1rios de todas as \u00e1reas que contribuem para que os nossos ve\u00edculos sejam mantidos em condi\u00e7\u00f5es exemplares.<\/p>\n<p style=\"text-align: justify;\">A nossa miss\u00e3o \u00e9 proporcionar servi\u00e7os de alta qualidade e responder \u00e0s necessidades dos nossos clientes. Para tal, contamos com a experi\u00eancia da nossa altamente qualificada equipa de motoristas, mec\u00e2nicos e pessoal administrativo.<\/p>\n<p style=\"text-align: justify;\">Caso pretenda falar com um dos nossos profissionais, estamos ao seu dispor para responder \u00e0s suas necessidades.<\/p>\n<\/div>","protected":false},"excerpt":{"rendered":"<p>Semdestino \u00e9 uma empresa de anima\u00e7\u00e3o turistica, fundada em 2014. Exercemos a nossa actividade dentro do pa\u00eds, sempre com a m\u00e1xima seguran\u00e7a e efici\u00eancia. Os nossos pre\u00e7os s\u00e3o variados, pelo que acess\u00edveis a todos. Desde o in\u00edcio da nossa actividade, que a qualidade do atendimento e do servi\u00e7o s\u00e3o o nosso estandarte e a raz\u00e3o [&hellip;]<\/p>\n","protected":false},"author":1,"featured_media":0,"parent":0,"menu_order":0,"comment_status":"closed","ping_status":"closed","template":"","meta":[],"_links":{"self":[{"href":"https:\/\/semdestino-viagens.pt\/index.php?rest_route=\/wp\/v2\/pages\/5"}],"collection":[{"href":"https:\/\/semdestino-viagens.pt\/index.php?rest_route=\/wp\/v2\/pages"}],"about":[{"href":"https:\/\/semdestino-viagens.pt\/index.php?rest_route=\/wp\/v2\/types\/page"}],"author":[{"embeddable":true,"href":"https:\/\/semdestino-viagens.pt\/index.php?rest_route=\/wp\/v2\/users\/1"}],"replies":[{"embeddable":true,"href":"https:\/\/semdestino-viagens.pt\/index.php?rest_route=%2Fwp%2Fv2%2Fcomments&post=5"}],"version-history":[{"count":3,"href":"https:\/\/semdestino-viagens.pt\/index.php?rest_route=\/wp\/v2\/pages\/5\/revisions"}],"predecessor-version":[{"id":233,"href":"https:\/\/semdestino-viagens.pt\/index.php?rest_route=\/wp\/v2\/pages\/5\/revisions\/233"}],"wp:attachment":[{"href":"https:\/\/semdestino-viagens.pt\/index.php?rest_route=%2Fwp%2Fv2%2Fmedia&parent=5"}],"curies":[{"name":"wp","href":"https:\/\/api.w.org\/{rel}","templated":true}]}}