{"id":20,"date":"2014-04-07T21:14:32","date_gmt":"2014-04-07T21:14:32","guid":{"rendered":"http:\/\/semdestino-viagens.pt\/?page_id=20"},"modified":"2014-05-27T14:07:25","modified_gmt":"2014-05-27T14:07:25","slug":"servicos-gerais","status":"publish","type":"page","link":"https:\/\/semdestino-viagens.pt\/?page_id=20&lang=pt","title":{"rendered":"SERVI\u00c7OS GERAIS"},"content":{"rendered":"<div style=\"background-repeat: no-repeat;background-size: 100% 100%;\r\n\"><p>semdestino oferecemos servi\u00e7o de motorista,Rotas tem\u00e1ticas e outros percursos de descoberta do patrim\u00f3nio (por exemplo, Rota do Megalitismo, do Romano, do Rom\u00e2nico, do Fresco, Gastron\u00f3micas, de Vinhos, de Queijos, de Sabores, de Arqueologia Industrial)<\/p>\n<ul>\n<li>passeios com rotas definidas e pre\u00e7os pr\u00e9 estabelecidos de 1 dia ou meio dia<\/li>\n<li>passeios a gosto e mediante disponibilidade do cliente<\/li>\n<li>jantares tem\u00e1ticos<\/li>\n<li>actividades diversas<\/li>\n<\/ul>\n<p>ESTAMOS AO SEU DISPOR PARA RESPONDER \u00c0S SUAS NECESSIDADES.<\/p>\n<\/div>","protected":false},"excerpt":{"rendered":"<p>semdestino oferecemos servi\u00e7o de motorista,Rotas tem\u00e1ticas e outros percursos de descoberta do patrim\u00f3nio (por exemplo, Rota do Megalitismo, do Romano, do Rom\u00e2nico, do Fresco, Gastron\u00f3micas, de Vinhos, de Queijos, de Sabores, de Arqueologia Industrial) passeios com rotas definidas e pre\u00e7os pr\u00e9 estabelecidos de 1 dia ou meio dia passeios a gosto e mediante disponibilidade do [&hellip;]<\/p>\n","protected":false},"author":1,"featured_media":0,"parent":14,"menu_order":0,"comment_status":"closed","ping_status":"closed","template":"","meta":[],"_links":{"self":[{"href":"https:\/\/semdestino-viagens.pt\/index.php?rest_route=\/wp\/v2\/pages\/20"}],"collection":[{"href":"https:\/\/semdestino-viagens.pt\/index.php?rest_route=\/wp\/v2\/pages"}],"about":[{"href":"https:\/\/semdestino-viagens.pt\/index.php?rest_route=\/wp\/v2\/types\/page"}],"author":[{"embeddable":true,"href":"https:\/\/semdestino-viagens.pt\/index.php?rest_route=\/wp\/v2\/users\/1"}],"replies":[{"embeddable":true,"href":"https:\/\/semdestino-viagens.pt\/index.php?rest_route=%2Fwp%2Fv2%2Fcomments&post=20"}],"version-history":[{"count":3,"href":"https:\/\/semdestino-viagens.pt\/index.php?rest_route=\/wp\/v2\/pages\/20\/revisions"}],"predecessor-version":[{"id":247,"href":"https:\/\/semdestino-viagens.pt\/index.php?rest_route=\/wp\/v2\/pages\/20\/revisions\/247"}],"up":[{"embeddable":true,"href":"https:\/\/semdestino-viagens.pt\/index.php?rest_route=\/wp\/v2\/pages\/14"}],"wp:attachment":[{"href":"https:\/\/semdestino-viagens.pt\/index.php?rest_route=%2Fwp%2Fv2%2Fmedia&parent=20"}],"curies":[{"name":"wp","href":"https:\/\/api.w.org\/{rel}","templated":true}]}}