{"id":2,"date":"2014-04-07T17:28:31","date_gmt":"2014-04-07T17:28:31","guid":{"rendered":"http:\/\/semdestino-viagens.pt\/?page_id=2"},"modified":"2014-05-27T14:08:33","modified_gmt":"2014-05-27T14:08:33","slug":"sample-page","status":"publish","type":"page","link":"https:\/\/semdestino-viagens.pt\/?page_id=2&lang=pt","title":{"rendered":"Bem-vindo \u00e0 semdestino"},"content":{"rendered":"<div style=\"background-repeat: no-repeat;background-size: 100% 100%;\r\n\"><p style=\"text-align: justify;\">Somos uma empresa de anima\u00e7\u00e3o tur\u00edstica e oferecemos servi\u00e7os na \u00e1rea do turismo para\u00a0visitas a museus, rotas tem\u00e1ticas, rotas gastron\u00f3micas, parques tem\u00e1ticos, turismo empresarial, desloca\u00e7\u00f5es para eventos,\u00a0locais de interesse tur\u00edstico e jantares tem\u00e1ticos.<\/p>\n<p style=\"text-align: justify;\">Exercemos a nossa atividade de forma respons\u00e1vel e profissional, para lhe proporcionar um passeio (de lazer ou a neg\u00f3cios) com a total tranquilidade, seguran\u00e7a e efici\u00eancia. Para tal, contamos com a nossa frota de ve\u00edculos em excelentes condi\u00e7\u00f5es e a dedica\u00e7\u00e3o e experi\u00eancia da nossa equipa.<\/p>\n<p style=\"text-align: justify;\">Venha saber mais sobre os nossos servi\u00e7os na nossa p\u00e1gina web. Caso pretenda falar com um dos nossos profissionais, estamos ao seu dispor para responder \u00e0s suas necessidades.<\/p>\n<p style=\"text-align: justify;\"><strong><span style=\"color: #000080;\">O nosso servi\u00e7o est\u00e1 dispon\u00edvel 24 horas por dia, 7 dias por semana. Por favor, ligue para 918128153<\/span><\/strong><\/p>\n<p style=\"text-align: justify;\">Pode encontrar-nos na rua central 1310 r\/c direito, vila do conde.<\/p>\n<\/div>","protected":false},"excerpt":{"rendered":"<p>Somos uma empresa de anima\u00e7\u00e3o tur\u00edstica e oferecemos servi\u00e7os na \u00e1rea do turismo para\u00a0visitas a museus, rotas tem\u00e1ticas, rotas gastron\u00f3micas, parques tem\u00e1ticos, turismo empresarial, desloca\u00e7\u00f5es para eventos,\u00a0locais de interesse tur\u00edstico e jantares tem\u00e1ticos. Exercemos a nossa atividade de forma respons\u00e1vel e profissional, para lhe proporcionar um passeio (de lazer ou a neg\u00f3cios) com a total [&hellip;]<\/p>\n","protected":false},"author":1,"featured_media":231,"parent":0,"menu_order":0,"comment_status":"closed","ping_status":"closed","template":"","meta":[],"_links":{"self":[{"href":"https:\/\/semdestino-viagens.pt\/index.php?rest_route=\/wp\/v2\/pages\/2"}],"collection":[{"href":"https:\/\/semdestino-viagens.pt\/index.php?rest_route=\/wp\/v2\/pages"}],"about":[{"href":"https:\/\/semdestino-viagens.pt\/index.php?rest_route=\/wp\/v2\/types\/page"}],"author":[{"embeddable":true,"href":"https:\/\/semdestino-viagens.pt\/index.php?rest_route=\/wp\/v2\/users\/1"}],"replies":[{"embeddable":true,"href":"https:\/\/semdestino-viagens.pt\/index.php?rest_route=%2Fwp%2Fv2%2Fcomments&post=2"}],"version-history":[{"count":4,"href":"https:\/\/semdestino-viagens.pt\/index.php?rest_route=\/wp\/v2\/pages\/2\/revisions"}],"predecessor-version":[{"id":9,"href":"https:\/\/semdestino-viagens.pt\/index.php?rest_route=\/wp\/v2\/pages\/2\/revisions\/9"}],"wp:featuredmedia":[{"embeddable":true,"href":"https:\/\/semdestino-viagens.pt\/index.php?rest_route=\/wp\/v2\/media\/231"}],"wp:attachment":[{"href":"https:\/\/semdestino-viagens.pt\/index.php?rest_route=%2Fwp%2Fv2%2Fmedia&parent=2"}],"curies":[{"name":"wp","href":"https:\/\/api.w.org\/{rel}","templated":true}]}}